{"id":12148,"date":"2021-09-21T19:48:05","date_gmt":"2021-09-21T19:48:05","guid":{"rendered":"http:\/\/musikviolin.com\/?page_id=12148"},"modified":"2021-10-14T23:22:59","modified_gmt":"2021-10-14T23:22:59","slug":"suzuki-method-2","status":"publish","type":"page","link":"https:\/\/musikviolin.com\/es\/suzuki-method-2\/","title":{"rendered":"M\u00e9todo Suzuki"},"content":{"rendered":"<div data-elementor-type=\"wp-post\" data-elementor-id=\"12148\" class=\"elementor elementor-12148\">\n\t\t\t\t\t\t<section class=\"elementor-section elementor-top-section elementor-element elementor-element-514b933 elementor-section-stretched elementor-section-height-full elementor-section-boxed elementor-section-height-default elementor-section-items-middle\" data-id=\"514b933\" data-element_type=\"section\" data-e-type=\"section\" data-settings=\"{&quot;stretch_section&quot;:&quot;section-stretched&quot;,&quot;background_background&quot;:&quot;classic&quot;}\">\n\t\t\t\t\t\t\t<div class=\"elementor-background-overlay\"><\/div>\n\t\t\t\t\t\t\t<div class=\"elementor-container elementor-column-gap-default\">\n\t\t\t\t\t<div class=\"elementor-column elementor-col-100 elementor-top-column elementor-element elementor-element-57734dc8\" data-id=\"57734dc8\" data-element_type=\"column\" data-e-type=\"column\">\n\t\t\t<div class=\"elementor-widget-wrap elementor-element-populated\">\n\t\t\t\t\t\t<div class=\"elementor-element elementor-element-cb2ee3b elementor-hidden-desktop elementor-hidden-tablet elementor-widget elementor-widget-spacer\" data-id=\"cb2ee3b\" data-element_type=\"widget\" data-e-type=\"widget\" data-widget_type=\"spacer.default\">\n\t\t\t\t<div class=\"elementor-widget-container\">\n\t\t\t\t\t\t\t<div class=\"elementor-spacer\">\n\t\t\t<div class=\"elementor-spacer-inner\"><\/div>\n\t\t<\/div>\n\t\t\t\t\t\t<\/div>\n\t\t\t\t<\/div>\n\t\t\t\t<div class=\"elementor-element elementor-element-4c7114fb animated-slow elementor-invisible elementor-widget elementor-widget-heading\" data-id=\"4c7114fb\" data-element_type=\"widget\" data-e-type=\"widget\" data-settings=\"{&quot;_animation&quot;:&quot;fadeInUp&quot;,&quot;_animation_delay&quot;:800}\" data-widget_type=\"heading.default\">\n\t\t\t\t<div class=\"elementor-widget-container\">\n\t\t\t\t\t<h2 class=\"elementor-heading-title elementor-size-default\"><span style=\"font-weight: normal\">La <\/span>Metodolog\u00eda Suzuki <span style=\"font-weight: normal\"><\/h2>\t\t\t\t<\/div>\n\t\t\t\t<\/div>\n\t\t\t\t<div class=\"elementor-element elementor-element-c792aed animated-slow elementor-hidden-mobile elementor-invisible elementor-widget elementor-widget-heading\" data-id=\"c792aed\" data-element_type=\"widget\" data-e-type=\"widget\" data-settings=\"{&quot;_animation&quot;:&quot;fadeInUp&quot;,&quot;_animation_delay&quot;:800}\" data-widget_type=\"heading.default\">\n\t\t\t\t<div class=\"elementor-widget-container\">\n\t\t\t\t\t<h2 class=\"elementor-heading-title elementor-size-default\">revolucion\u00f3 el mundo proponiendo una<\/span> nueva forma de ense\u00f1ar m\u00fasica.<\/h2>\t\t\t\t<\/div>\n\t\t\t\t<\/div>\n\t\t\t\t<div class=\"elementor-element elementor-element-7358395 animated-slow elementor-hidden-desktop elementor-hidden-tablet elementor-invisible elementor-widget elementor-widget-heading\" data-id=\"7358395\" data-element_type=\"widget\" data-e-type=\"widget\" data-settings=\"{&quot;_animation&quot;:&quot;fadeInUp&quot;,&quot;_animation_delay&quot;:800}\" data-widget_type=\"heading.default\">\n\t\t\t\t<div class=\"elementor-widget-container\">\n\t\t\t\t\t<h2 class=\"elementor-heading-title elementor-size-default\">revolucion\u00f3 el mundo proponiendo una<\/span> nueva forma de ense\u00f1ar m\u00fasica.<\/h2>\t\t\t\t<\/div>\n\t\t\t\t<\/div>\n\t\t\t\t\t<\/div>\n\t\t<\/div>\n\t\t\t\t\t<\/div>\n\t\t<\/section>\n\t\t\t\t<section class=\"elementor-section elementor-top-section elementor-element elementor-element-6257b3c8 elementor-section-boxed elementor-section-height-default elementor-section-height-default\" data-id=\"6257b3c8\" data-element_type=\"section\" data-e-type=\"section\" data-settings=\"{&quot;background_background&quot;:&quot;classic&quot;}\">\n\t\t\t\t\t\t\t<div class=\"elementor-background-overlay\"><\/div>\n\t\t\t\t\t\t\t<div class=\"elementor-container elementor-column-gap-default\">\n\t\t\t\t\t<div class=\"elementor-column elementor-col-100 elementor-top-column elementor-element elementor-element-73c37147\" data-id=\"73c37147\" data-element_type=\"column\" data-e-type=\"column\">\n\t\t\t<div class=\"elementor-widget-wrap elementor-element-populated\">\n\t\t\t\t\t\t<div class=\"elementor-element elementor-element-2a8a1f46 elementor-view-default elementor-widget elementor-widget-icon\" data-id=\"2a8a1f46\" data-element_type=\"widget\" data-e-type=\"widget\" data-widget_type=\"icon.default\">\n\t\t\t\t<div class=\"elementor-widget-container\">\n\t\t\t\t\t\t\t<div class=\"elementor-icon-wrapper\">\n\t\t\t<div class=\"elementor-icon\">\n\t\t\t<i aria-hidden=\"true\" class=\"fas fa-long-arrow-alt-down\"><\/i>\t\t\t<\/div>\n\t\t<\/div>\n\t\t\t\t\t\t<\/div>\n\t\t\t\t<\/div>\n\t\t\t\t<div class=\"elementor-element elementor-element-40c894e3 elementor-widget elementor-widget-heading\" data-id=\"40c894e3\" data-element_type=\"widget\" data-e-type=\"widget\" data-widget_type=\"heading.default\">\n\t\t\t\t<div class=\"elementor-widget-container\">\n\t\t\t\t\t<div class=\"elementor-heading-title elementor-size-default\">Ver M\u00e1s<\/div>\t\t\t\t<\/div>\n\t\t\t\t<\/div>\n\t\t\t\t\t<\/div>\n\t\t<\/div>\n\t\t\t\t\t<\/div>\n\t\t<\/section>\n\t\t\t\t<section class=\"elementor-section elementor-top-section elementor-element elementor-element-19cc8e22 elementor-section-boxed elementor-section-height-default elementor-section-height-default\" data-id=\"19cc8e22\" data-element_type=\"section\" data-e-type=\"section\" data-settings=\"{&quot;background_background&quot;:&quot;classic&quot;}\">\n\t\t\t\t\t\t<div class=\"elementor-container elementor-column-gap-default\">\n\t\t\t\t\t<div class=\"elementor-column elementor-col-50 elementor-top-column elementor-element elementor-element-1ddfabba\" data-id=\"1ddfabba\" data-element_type=\"column\" data-e-type=\"column\">\n\t\t\t<div class=\"elementor-widget-wrap elementor-element-populated\">\n\t\t\t\t\t\t<div class=\"elementor-element elementor-element-393a086f elementor-widget elementor-widget-spacer\" data-id=\"393a086f\" data-element_type=\"widget\" data-e-type=\"widget\" data-widget_type=\"spacer.default\">\n\t\t\t\t<div class=\"elementor-widget-container\">\n\t\t\t\t\t\t\t<div class=\"elementor-spacer\">\n\t\t\t<div class=\"elementor-spacer-inner\"><\/div>\n\t\t<\/div>\n\t\t\t\t\t\t<\/div>\n\t\t\t\t<\/div>\n\t\t\t\t<div class=\"elementor-element elementor-element-3e5d959f elementor-widget elementor-widget-spacer\" data-id=\"3e5d959f\" data-element_type=\"widget\" data-e-type=\"widget\" data-widget_type=\"spacer.default\">\n\t\t\t\t<div class=\"elementor-widget-container\">\n\t\t\t\t\t\t\t<div class=\"elementor-spacer\">\n\t\t\t<div class=\"elementor-spacer-inner\"><\/div>\n\t\t<\/div>\n\t\t\t\t\t\t<\/div>\n\t\t\t\t<\/div>\n\t\t\t\t<div class=\"elementor-element elementor-element-7288a17 elementor-widget elementor-widget-heading\" data-id=\"7288a17\" data-element_type=\"widget\" data-e-type=\"widget\" data-widget_type=\"heading.default\">\n\t\t\t\t<div class=\"elementor-widget-container\">\n\t\t\t\t\t<h2 class=\"elementor-heading-title elementor-size-default\">Musik Violin School<\/h2>\t\t\t\t<\/div>\n\t\t\t\t<\/div>\n\t\t\t\t<div class=\"elementor-element elementor-element-683f3dcb animated-slow elementor-invisible elementor-widget elementor-widget-text-editor\" data-id=\"683f3dcb\" data-element_type=\"widget\" data-e-type=\"widget\" data-settings=\"{&quot;_animation&quot;:&quot;fadeIn&quot;}\" data-widget_type=\"text-editor.default\">\n\t\t\t\t<div class=\"elementor-widget-container\">\n\t\t\t\t\t\t\t\t\t<p>Musik Violin School, Our Little Workshop, es un programa de cuerdas (viol\u00edn) establecido desde 2002. Su fundadora, la profesora Yaricel Mu\u00f1iz, miembro de la American Suzuki Association, utiliza el m\u00e9todo Suzuki para educar al estudiante en m\u00fasica y viol\u00edn. La metodolog\u00eda Suzuki tuvo sus inicios a mediados de la d\u00e9cada de 1960, cuando el Dr. Shinichi Suzuki (1898-1998), inspirado por la forma en que los estudiantes aprenden su idioma, revolucion\u00f3 el mundo al proponer una nueva forma de ense\u00f1ar m\u00fasica.<\/p>\t\t\t\t\t\t\t\t<\/div>\n\t\t\t\t<\/div>\n\t\t\t\t\t<\/div>\n\t\t<\/div>\n\t\t\t\t<div class=\"elementor-column elementor-col-50 elementor-top-column elementor-element elementor-element-b516b8b\" data-id=\"b516b8b\" data-element_type=\"column\" data-e-type=\"column\">\n\t\t\t<div class=\"elementor-widget-wrap elementor-element-populated\">\n\t\t\t\t\t\t<div class=\"elementor-element elementor-element-c8ab3ee elementor-widget elementor-widget-spacer\" data-id=\"c8ab3ee\" data-element_type=\"widget\" data-e-type=\"widget\" data-widget_type=\"spacer.default\">\n\t\t\t\t<div class=\"elementor-widget-container\">\n\t\t\t\t\t\t\t<div class=\"elementor-spacer\">\n\t\t\t<div class=\"elementor-spacer-inner\"><\/div>\n\t\t<\/div>\n\t\t\t\t\t\t<\/div>\n\t\t\t\t<\/div>\n\t\t\t\t<div class=\"elementor-element elementor-element-275af90 elementor-widget elementor-widget-spacer\" data-id=\"275af90\" data-element_type=\"widget\" data-e-type=\"widget\" data-widget_type=\"spacer.default\">\n\t\t\t\t<div class=\"elementor-widget-container\">\n\t\t\t\t\t\t\t<div class=\"elementor-spacer\">\n\t\t\t<div class=\"elementor-spacer-inner\"><\/div>\n\t\t<\/div>\n\t\t\t\t\t\t<\/div>\n\t\t\t\t<\/div>\n\t\t\t\t<div class=\"elementor-element elementor-element-159a5a7 elementor-widget elementor-widget-image\" data-id=\"159a5a7\" data-element_type=\"widget\" data-e-type=\"widget\" data-widget_type=\"image.default\">\n\t\t\t\t<div class=\"elementor-widget-container\">\n\t\t\t\t\t\t\t\t\t\t\t\t\t\t\t<img fetchpriority=\"high\" decoding=\"async\" width=\"800\" height=\"608\" src=\"https:\/\/musikviolin.com\/wp-content\/uploads\/2021\/09\/image_6483441-3.jpg\" class=\"attachment-large size-large wp-image-12184\" alt=\"violin-class-pr\" srcset=\"https:\/\/musikviolin.com\/wp-content\/uploads\/2021\/09\/image_6483441-3.jpg 826w, https:\/\/musikviolin.com\/wp-content\/uploads\/2021\/09\/image_6483441-3-300x228.jpg 300w, https:\/\/musikviolin.com\/wp-content\/uploads\/2021\/09\/image_6483441-3-768x584.jpg 768w\" sizes=\"(max-width: 800px) 100vw, 800px\" \/>\t\t\t\t\t\t\t\t\t\t\t\t\t\t\t<\/div>\n\t\t\t\t<\/div>\n\t\t\t\t\t<\/div>\n\t\t<\/div>\n\t\t\t\t\t<\/div>\n\t\t<\/section>\n\t\t\t\t<section class=\"elementor-section elementor-top-section elementor-element elementor-element-d6e25e0 elementor-section-boxed elementor-section-height-default elementor-section-height-default\" data-id=\"d6e25e0\" data-element_type=\"section\" data-e-type=\"section\" data-settings=\"{&quot;background_background&quot;:&quot;classic&quot;}\">\n\t\t\t\t\t\t<div class=\"elementor-container elementor-column-gap-default\">\n\t\t\t\t\t<div class=\"elementor-column elementor-col-100 elementor-top-column elementor-element elementor-element-b13cfcc\" data-id=\"b13cfcc\" data-element_type=\"column\" data-e-type=\"column\">\n\t\t\t<div class=\"elementor-widget-wrap elementor-element-populated\">\n\t\t\t\t\t\t<div class=\"elementor-element elementor-element-c291001 elementor-widget elementor-widget-spacer\" data-id=\"c291001\" data-element_type=\"widget\" data-e-type=\"widget\" data-widget_type=\"spacer.default\">\n\t\t\t\t<div class=\"elementor-widget-container\">\n\t\t\t\t\t\t\t<div class=\"elementor-spacer\">\n\t\t\t<div class=\"elementor-spacer-inner\"><\/div>\n\t\t<\/div>\n\t\t\t\t\t\t<\/div>\n\t\t\t\t<\/div>\n\t\t\t\t<div class=\"elementor-element elementor-element-3d4d554 elementor-widget elementor-widget-spacer\" data-id=\"3d4d554\" data-element_type=\"widget\" data-e-type=\"widget\" data-widget_type=\"spacer.default\">\n\t\t\t\t<div class=\"elementor-widget-container\">\n\t\t\t\t\t\t\t<div class=\"elementor-spacer\">\n\t\t\t<div class=\"elementor-spacer-inner\"><\/div>\n\t\t<\/div>\n\t\t\t\t\t\t<\/div>\n\t\t\t\t<\/div>\n\t\t\t\t<div class=\"elementor-element elementor-element-85a6967 elementor-widget elementor-widget-heading\" data-id=\"85a6967\" data-element_type=\"widget\" data-e-type=\"widget\" data-widget_type=\"heading.default\">\n\t\t\t\t<div class=\"elementor-widget-container\">\n\t\t\t\t\t<h2 class=\"elementor-heading-title elementor-size-default\">Filosof\u00eda Suzuki<\/h2>\t\t\t\t<\/div>\n\t\t\t\t<\/div>\n\t\t\t\t<div class=\"elementor-element elementor-element-8c95eda animated-slow elementor-invisible elementor-widget elementor-widget-text-editor\" data-id=\"8c95eda\" data-element_type=\"widget\" data-e-type=\"widget\" data-settings=\"{&quot;_animation&quot;:&quot;fadeIn&quot;}\" data-widget_type=\"text-editor.default\">\n\t\t\t\t<div class=\"elementor-widget-container\">\n\t\t\t\t\t\t\t\t\t<p>El maestro Suzuki fue un famoso profesor de viol\u00edn japon\u00e9s que cre\u00eda que todos los ni\u00f1os ten\u00edan talentos musicales y pod\u00edan desarrollarse a una edad temprana. Suzuki ense\u00f1\u00f3 su filosof\u00eda a miles de estudiantes y profesores a lo largo de su vida. Contrariamente al pensamiento tradicional, Suzuki cre\u00eda que el talento ten\u00eda m\u00e1s que ver con el entorno en el que se desarrollaba el ni\u00f1o que con la gen\u00e9tica. Su conclusi\u00f3n se bas\u00f3 en que si cada ni\u00f1o tiene el potencial y la capacidad de aprender, entonces todos los estudiantes tienen el potencial de lograr un gran talento y capacidad. El Maestro Suzuki dijo que si nos esforzamos podemos convertirnos en seres humanos superiores y adquirir talento y habilidad.<\/p><p><br \/>El Maestro Suzuki se asombr\u00f3 al ver c\u00f3mo un ni\u00f1o pod\u00eda aprender su idioma por dif\u00edcil que fuera, simplemente imitando y escuchando a sus padres hablarlo y por la constante repetici\u00f3n. Adem\u00e1s, observ\u00f3 que todos los ni\u00f1os aprenden su idioma a su propio ritmo y que los ni\u00f1os que fueron recompensados y animados por su esfuerzo aprendieron m\u00e1s r\u00e1pidamente. Esto permiti\u00f3 a los ni\u00f1os construir un vocabulario amplio con muy poco esfuerzo. Sobre la base de estas observaciones, Suzuki comenz\u00f3 a ver un potencial incre\u00edble para el aprendizaje en los ni\u00f1os y, al adaptar los principios del aprendizaje de idiomas, Suzuki desarroll\u00f3 un m\u00e9todo titulado \u201cEducaci\u00f3n para superdotados\u201d. Cre\u00eda que escuchar y tocar buena m\u00fasica ayudar\u00eda a los estudiantes a lograr sus aspiraciones en la vida, que son la belleza del esp\u00edritu, el amor y la paz. Incluso en 1961, una presentaci\u00f3n de un grupo de 400 estudiantes de Suzuki inspir\u00f3 al famoso violonchelista Pablo Cassals a decir: \"Quiz\u00e1s la m\u00fasica sea la que salve al mundo\".<\/p><p><br \/>Con eso en mente, nuestro taller no solo prepara a los estudiantes para desarrollar el talento musical, sino tambi\u00e9n para ser buenos ciudadanos y disfrutar de las cualidades m\u00e1s edificantes como la integridad, la honestidad y la amabilidad.<\/p>\t\t\t\t\t\t\t\t<\/div>\n\t\t\t\t<\/div>\n\t\t\t\t\t<\/div>\n\t\t<\/div>\n\t\t\t\t\t<\/div>\n\t\t<\/section>\n\t\t\t\t<section class=\"elementor-section elementor-top-section elementor-element elementor-element-92d5403 elementor-section-boxed elementor-section-height-default elementor-section-height-default\" data-id=\"92d5403\" data-element_type=\"section\" data-e-type=\"section\" data-settings=\"{&quot;background_background&quot;:&quot;classic&quot;}\">\n\t\t\t\t\t\t<div class=\"elementor-container elementor-column-gap-default\">\n\t\t\t\t\t<div class=\"elementor-column elementor-col-100 elementor-top-column elementor-element elementor-element-e31f144\" data-id=\"e31f144\" data-element_type=\"column\" data-e-type=\"column\">\n\t\t\t<div class=\"elementor-widget-wrap elementor-element-populated\">\n\t\t\t\t\t\t<div class=\"elementor-element elementor-element-293d676 elementor-widget elementor-widget-spacer\" data-id=\"293d676\" data-element_type=\"widget\" data-e-type=\"widget\" data-widget_type=\"spacer.default\">\n\t\t\t\t<div class=\"elementor-widget-container\">\n\t\t\t\t\t\t\t<div class=\"elementor-spacer\">\n\t\t\t<div class=\"elementor-spacer-inner\"><\/div>\n\t\t<\/div>\n\t\t\t\t\t\t<\/div>\n\t\t\t\t<\/div>\n\t\t\t\t<div class=\"elementor-element elementor-element-730a518 elementor-widget elementor-widget-spacer\" data-id=\"730a518\" data-element_type=\"widget\" data-e-type=\"widget\" data-widget_type=\"spacer.default\">\n\t\t\t\t<div class=\"elementor-widget-container\">\n\t\t\t\t\t\t\t<div class=\"elementor-spacer\">\n\t\t\t<div class=\"elementor-spacer-inner\"><\/div>\n\t\t<\/div>\n\t\t\t\t\t\t<\/div>\n\t\t\t\t<\/div>\n\t\t\t\t<div class=\"elementor-element elementor-element-d3b692f elementor-widget elementor-widget-heading\" data-id=\"d3b692f\" data-element_type=\"widget\" data-e-type=\"widget\" data-widget_type=\"heading.default\">\n\t\t\t\t<div class=\"elementor-widget-container\">\n\t\t\t\t\t<h2 class=\"elementor-heading-title elementor-size-default\">METODOLOG\u00cdA<\/h2>\t\t\t\t<\/div>\n\t\t\t\t<\/div>\n\t\t\t\t<div class=\"elementor-element elementor-element-99476b3 animated-slow elementor-invisible elementor-widget elementor-widget-text-editor\" data-id=\"99476b3\" data-element_type=\"widget\" data-e-type=\"widget\" data-settings=\"{&quot;_animation&quot;:&quot;fadeIn&quot;}\" data-widget_type=\"text-editor.default\">\n\t\t\t\t<div class=\"elementor-widget-container\">\n\t\t\t\t\t\t\t\t\t<p>En el taller, las habilidades de aprendizaje del viol\u00edn no solo dependen del maestro, sino que tambi\u00e9n incluyen a los padres y el esfuerzo de la pr\u00e1ctica individual del alumno. Para alcanzar el m\u00e1ximo potencial del alumno, debemos comprometernos a: asistir a una clase individual semanal, escuchar los registros de Suzuki diariamente, estos tambi\u00e9n se encuentran a trav\u00e9s de YouTube, premiando positivamente cada habilidad que el ni\u00f1o y alumno aprende, sobre todo practicando constantemente.<\/p><p>En este programa se le ense\u00f1ar\u00e1 al alumno los conocimientos b\u00e1sicos para tocar el viol\u00edn, as\u00ed como el m\u00e9todo Suzuki y dentro de la filosof\u00eda el aprendizaje de explicar parte de la teor\u00eda y teor\u00eda musical. En Musik Violin School estamos comprometidos con promover carreras musicales exitosas, pero a\u00fan m\u00e1s el compromiso del taller es que los alumnos respeten su instrumento y amen su ense\u00f1anza, que comprendan que la educaci\u00f3n musical es enriquecedora y necesaria para su desarrollo y motivaci\u00f3n en la vida.<\/p>\t\t\t\t\t\t\t\t<\/div>\n\t\t\t\t<\/div>\n\t\t\t\t\t<\/div>\n\t\t<\/div>\n\t\t\t\t\t<\/div>\n\t\t<\/section>\n\t\t\t\t<section class=\"elementor-section elementor-top-section elementor-element elementor-element-1eb3a560 elementor-section-stretched elementor-section-boxed elementor-section-height-default elementor-section-height-default\" data-id=\"1eb3a560\" data-element_type=\"section\" data-e-type=\"section\" data-settings=\"{&quot;stretch_section&quot;:&quot;section-stretched&quot;,&quot;background_background&quot;:&quot;classic&quot;}\">\n\t\t\t\t\t\t\t<div class=\"elementor-background-overlay\"><\/div>\n\t\t\t\t\t\t\t<div class=\"elementor-container elementor-column-gap-default\">\n\t\t\t\t\t<div class=\"elementor-column elementor-col-100 elementor-top-column elementor-element elementor-element-591d1003\" data-id=\"591d1003\" data-element_type=\"column\" data-e-type=\"column\">\n\t\t\t<div class=\"elementor-widget-wrap elementor-element-populated\">\n\t\t\t\t\t\t<div class=\"elementor-element elementor-element-7f38c866 elementor-widget elementor-widget-spacer\" data-id=\"7f38c866\" data-element_type=\"widget\" data-e-type=\"widget\" data-widget_type=\"spacer.default\">\n\t\t\t\t<div class=\"elementor-widget-container\">\n\t\t\t\t\t\t\t<div class=\"elementor-spacer\">\n\t\t\t<div class=\"elementor-spacer-inner\"><\/div>\n\t\t<\/div>\n\t\t\t\t\t\t<\/div>\n\t\t\t\t<\/div>\n\t\t\t\t<div class=\"elementor-element elementor-element-46c7e9a2 elementor-widget elementor-widget-heading\" data-id=\"46c7e9a2\" data-element_type=\"widget\" data-e-type=\"widget\" data-widget_type=\"heading.default\">\n\t\t\t\t<div class=\"elementor-widget-container\">\n\t\t\t\t\t<div class=\"elementor-heading-title elementor-size-default\">\u00bfListo para comenzar?<\/div>\t\t\t\t<\/div>\n\t\t\t\t<\/div>\n\t\t\t\t<div class=\"elementor-element elementor-element-1325e2a5 elementor-widget elementor-widget-heading\" data-id=\"1325e2a5\" data-element_type=\"widget\" data-e-type=\"widget\" data-widget_type=\"heading.default\">\n\t\t\t\t<div class=\"elementor-widget-container\">\n\t\t\t\t\t<h2 class=\"elementor-heading-title elementor-size-default\">\u00a1aprende con nosotros!<\/h2>\t\t\t\t<\/div>\n\t\t\t\t<\/div>\n\t\t\t\t<div class=\"elementor-element elementor-element-5cea5bba elementor-widget elementor-widget-spacer\" data-id=\"5cea5bba\" data-element_type=\"widget\" data-e-type=\"widget\" data-widget_type=\"spacer.default\">\n\t\t\t\t<div class=\"elementor-widget-container\">\n\t\t\t\t\t\t\t<div class=\"elementor-spacer\">\n\t\t\t<div class=\"elementor-spacer-inner\"><\/div>\n\t\t<\/div>\n\t\t\t\t\t\t<\/div>\n\t\t\t\t<\/div>\n\t\t\t\t\t<\/div>\n\t\t<\/div>\n\t\t\t\t\t<\/div>\n\t\t<\/section>\n\t\t\t\t<\/div>","protected":false},"excerpt":{"rendered":"<p>The Suzuki methodology revolutionized the world by proposing a new&hellip;<\/p>\n<p> <a class=\"more-link\" href=\"https:\/\/musikviolin.com\/es\/suzuki-method-2\/\">Read more<\/a><\/p>","protected":false},"author":1,"featured_media":0,"parent":0,"menu_order":0,"comment_status":"closed","ping_status":"closed","template":"","meta":{"om_disable_all_campaigns":false,"_monsterinsights_skip_tracking":false,"_monsterinsights_sitenote_active":false,"_monsterinsights_sitenote_note":"","_monsterinsights_sitenote_category":0,"footnotes":""},"class_list":["post-12148","page","type-page","status-publish"],"aioseo_notices":[],"_links":{"self":[{"href":"https:\/\/musikviolin.com\/es\/wp-json\/wp\/v2\/pages\/12148","targetHints":{"allow":["GET"]}}],"collection":[{"href":"https:\/\/musikviolin.com\/es\/wp-json\/wp\/v2\/pages"}],"about":[{"href":"https:\/\/musikviolin.com\/es\/wp-json\/wp\/v2\/types\/page"}],"author":[{"embeddable":true,"href":"https:\/\/musikviolin.com\/es\/wp-json\/wp\/v2\/users\/1"}],"replies":[{"embeddable":true,"href":"https:\/\/musikviolin.com\/es\/wp-json\/wp\/v2\/comments?post=12148"}],"version-history":[{"count":89,"href":"https:\/\/musikviolin.com\/es\/wp-json\/wp\/v2\/pages\/12148\/revisions"}],"predecessor-version":[{"id":12474,"href":"https:\/\/musikviolin.com\/es\/wp-json\/wp\/v2\/pages\/12148\/revisions\/12474"}],"wp:attachment":[{"href":"https:\/\/musikviolin.com\/es\/wp-json\/wp\/v2\/media?parent=12148"}],"curies":[{"name":"wp","href":"https:\/\/api.w.org\/{rel}","templated":true}]}}